{"id":94,"date":"2026-02-26T21:17:26","date_gmt":"2026-02-26T21:17:26","guid":{"rendered":"http:\/\/www.brassband.fr\/?page_id=94"},"modified":"2026-02-27T11:32:14","modified_gmt":"2026-02-27T11:32:14","slug":"jury","status":"publish","type":"page","link":"http:\/\/www.brassband.fr\/?page_id=94","title":{"rendered":"Jury"},"content":{"rendered":"\t\t<div data-elementor-type=\"wp-page\" data-elementor-id=\"94\" class=\"elementor elementor-94\" data-elementor-post-type=\"page\">\n\t\t\t\t<div class=\"elementor-element elementor-element-2703589 e-con-full e-flex e-con e-parent\" data-id=\"2703589\" data-element_type=\"container\" data-e-type=\"container\" data-settings=\"{&quot;background_background&quot;:&quot;classic&quot;}\">\n\t\t<div class=\"elementor-element elementor-element-815d239 e-con-full e-flex e-con e-child\" data-id=\"815d239\" data-element_type=\"container\" data-e-type=\"container\">\n\t\t\t\t<div class=\"elementor-element elementor-element-ca32c47 elementor-widget elementor-widget-image\" data-id=\"ca32c47\" data-element_type=\"widget\" data-e-type=\"widget\" data-widget_type=\"image.default\">\n\t\t\t\t\t\t\t\t\t\t\t\t\t\t\t<img fetchpriority=\"high\" decoding=\"async\" width=\"535\" height=\"535\" src=\"https:\/\/www.brassband.fr\/wp-content\/uploads\/2026\/02\/Thierry-Deleruyelle-costume-partitions-fond-texture-_8ax8im1n-1-1-e1772161554536.jpg\" class=\"attachment-full size-full wp-image-306\" alt=\"\" srcset=\"https:\/\/www.brassband.fr\/wp-content\/uploads\/2026\/02\/Thierry-Deleruyelle-costume-partitions-fond-texture-_8ax8im1n-1-1-e1772161554536.jpg 535w, https:\/\/www.brassband.fr\/wp-content\/uploads\/2026\/02\/Thierry-Deleruyelle-costume-partitions-fond-texture-_8ax8im1n-1-1-e1772161554536-300x300.jpg 300w, https:\/\/www.brassband.fr\/wp-content\/uploads\/2026\/02\/Thierry-Deleruyelle-costume-partitions-fond-texture-_8ax8im1n-1-1-e1772161554536-150x150.jpg 150w\" sizes=\"(max-width: 535px) 100vw, 535px\" \/>\t\t\t\t\t\t\t\t\t\t\t\t\t\t\t<\/div>\n\t\t\t\t<div class=\"elementor-element elementor-element-3a55798 elementor-widget elementor-widget-heading\" data-id=\"3a55798\" data-element_type=\"widget\" data-e-type=\"widget\" data-widget_type=\"heading.default\">\n\t\t\t\t\t<h2 class=\"elementor-heading-title elementor-size-default\">Thierry<\/br>DELERUYELLE<\/h2>\t\t\t\t<\/div>\n\t\t\t\t<div class=\"elementor-element elementor-element-491357c elementor-widget elementor-widget-heading\" data-id=\"491357c\" data-element_type=\"widget\" data-e-type=\"widget\" data-widget_type=\"heading.default\">\n\t\t\t\t\t<h3 class=\"elementor-heading-title elementor-size-default\">Pr\u00e9sident<\/h3>\t\t\t\t<\/div>\n\t\t\t\t<\/div>\n\t\t<div class=\"elementor-element elementor-element-2869500 e-con-full e-flex e-con e-child\" data-id=\"2869500\" data-element_type=\"container\" data-e-type=\"container\">\n\t\t\t\t<div class=\"elementor-element elementor-element-fd6d479 elementor-widget elementor-widget-image\" data-id=\"fd6d479\" data-element_type=\"widget\" data-e-type=\"widget\" data-widget_type=\"image.default\">\n\t\t\t\t\t\t\t\t\t\t\t\t\t\t\t<img decoding=\"async\" width=\"1602\" height=\"1602\" src=\"https:\/\/www.brassband.fr\/wp-content\/uploads\/2026\/02\/Vilhelmsen-1-1-e1772161535210.jpg\" class=\"attachment-full size-full wp-image-305\" alt=\"\" srcset=\"https:\/\/www.brassband.fr\/wp-content\/uploads\/2026\/02\/Vilhelmsen-1-1-e1772161535210.jpg 1602w, https:\/\/www.brassband.fr\/wp-content\/uploads\/2026\/02\/Vilhelmsen-1-1-e1772161535210-300x300.jpg 300w, https:\/\/www.brassband.fr\/wp-content\/uploads\/2026\/02\/Vilhelmsen-1-1-e1772161535210-1024x1024.jpg 1024w, https:\/\/www.brassband.fr\/wp-content\/uploads\/2026\/02\/Vilhelmsen-1-1-e1772161535210-150x150.jpg 150w, https:\/\/www.brassband.fr\/wp-content\/uploads\/2026\/02\/Vilhelmsen-1-1-e1772161535210-768x768.jpg 768w, https:\/\/www.brassband.fr\/wp-content\/uploads\/2026\/02\/Vilhelmsen-1-1-e1772161535210-1536x1536.jpg 1536w\" sizes=\"(max-width: 1602px) 100vw, 1602px\" \/>\t\t\t\t\t\t\t\t\t\t\t\t\t\t\t<\/div>\n\t\t\t\t<div class=\"elementor-element elementor-element-bb64493 elementor-widget elementor-widget-heading\" data-id=\"bb64493\" data-element_type=\"widget\" data-e-type=\"widget\" data-widget_type=\"heading.default\">\n\t\t\t\t\t<h2 class=\"elementor-heading-title elementor-size-default\">Ingebj\u00f8rg<\/br>VILHELMSEN<\/h2>\t\t\t\t<\/div>\n\t\t\t\t<div class=\"elementor-element elementor-element-9c32cd7 elementor-widget elementor-widget-heading\" data-id=\"9c32cd7\" data-element_type=\"widget\" data-e-type=\"widget\" data-widget_type=\"heading.default\">\n\t\t\t\t\t<h3 class=\"elementor-heading-title elementor-size-default\">Assesseuse<\/h3>\t\t\t\t<\/div>\n\t\t\t\t<\/div>\n\t\t<div class=\"elementor-element elementor-element-51dc181 e-con-full e-flex e-con e-child\" data-id=\"51dc181\" data-element_type=\"container\" data-e-type=\"container\">\n\t\t\t\t<div class=\"elementor-element elementor-element-696439e elementor-widget elementor-widget-image\" data-id=\"696439e\" data-element_type=\"widget\" data-e-type=\"widget\" data-widget_type=\"image.default\">\n\t\t\t\t\t\t\t\t\t\t\t\t\t\t\t<img decoding=\"async\" width=\"1635\" height=\"1635\" src=\"https:\/\/www.brassband.fr\/wp-content\/uploads\/2026\/02\/Christopher-Bond-1-1-e1772161614163.jpg\" class=\"attachment-full size-full wp-image-307\" alt=\"\" srcset=\"https:\/\/www.brassband.fr\/wp-content\/uploads\/2026\/02\/Christopher-Bond-1-1-e1772161614163.jpg 1635w, https:\/\/www.brassband.fr\/wp-content\/uploads\/2026\/02\/Christopher-Bond-1-1-e1772161614163-300x300.jpg 300w, https:\/\/www.brassband.fr\/wp-content\/uploads\/2026\/02\/Christopher-Bond-1-1-e1772161614163-1024x1024.jpg 1024w, https:\/\/www.brassband.fr\/wp-content\/uploads\/2026\/02\/Christopher-Bond-1-1-e1772161614163-150x150.jpg 150w, https:\/\/www.brassband.fr\/wp-content\/uploads\/2026\/02\/Christopher-Bond-1-1-e1772161614163-768x768.jpg 768w, https:\/\/www.brassband.fr\/wp-content\/uploads\/2026\/02\/Christopher-Bond-1-1-e1772161614163-1536x1536.jpg 1536w\" sizes=\"(max-width: 1635px) 100vw, 1635px\" \/>\t\t\t\t\t\t\t\t\t\t\t\t\t\t\t<\/div>\n\t\t\t\t<div class=\"elementor-element elementor-element-c603b67 elementor-widget elementor-widget-heading\" data-id=\"c603b67\" data-element_type=\"widget\" data-e-type=\"widget\" data-widget_type=\"heading.default\">\n\t\t\t\t\t<h2 class=\"elementor-heading-title elementor-size-default\">Christopher<\/br>BOND<\/h2>\t\t\t\t<\/div>\n\t\t\t\t<div class=\"elementor-element elementor-element-2abf823 elementor-widget elementor-widget-heading\" data-id=\"2abf823\" data-element_type=\"widget\" data-e-type=\"widget\" data-widget_type=\"heading.default\">\n\t\t\t\t\t<h3 class=\"elementor-heading-title elementor-size-default\">Assesseur<\/h3>\t\t\t\t<\/div>\n\t\t\t\t<\/div>\n\t\t\t\t<\/div>\n\t\t<div class=\"elementor-element elementor-element-0b6591a e-flex e-con-boxed e-con e-parent\" data-id=\"0b6591a\" data-element_type=\"container\" data-e-type=\"container\">\n\t\t\t\t\t<div class=\"e-con-inner\">\n\t\t<div class=\"elementor-element elementor-element-453f050 e-con-full e-flex e-con e-child\" data-id=\"453f050\" data-element_type=\"container\" data-e-type=\"container\" data-settings=\"{&quot;background_background&quot;:&quot;classic&quot;}\">\n\t\t\t\t<div class=\"elementor-element elementor-element-2ffab18 elementor-widget elementor-widget-menu-anchor\" data-id=\"2ffab18\" data-element_type=\"widget\" data-e-type=\"widget\" data-widget_type=\"menu-anchor.default\">\n\t\t\t\t\t\t\t<div class=\"elementor-menu-anchor\" id=\"thierry\"><\/div>\n\t\t\t\t\t\t<\/div>\n\t\t\t\t<div class=\"elementor-element elementor-element-ddfc515 elementor-widget elementor-widget-heading\" data-id=\"ddfc515\" data-element_type=\"widget\" data-e-type=\"widget\" data-widget_type=\"heading.default\">\n\t\t\t\t\t<h1 class=\"elementor-heading-title elementor-size-default\">le Jury<\/h1>\t\t\t\t<\/div>\n\t\t\t\t<\/div>\n\t\t\t\t\t<\/div>\n\t\t\t\t<\/div>\n\t\t<div class=\"elementor-element elementor-element-5849cef e-flex e-con-boxed e-con e-parent\" data-id=\"5849cef\" data-element_type=\"container\" data-e-type=\"container\" data-settings=\"{&quot;background_background&quot;:&quot;classic&quot;}\">\n\t\t\t\t\t<div class=\"e-con-inner\">\n\t\t\t\t<div class=\"elementor-element elementor-element-5e75cd4 elementor-widget elementor-widget-heading\" data-id=\"5e75cd4\" data-element_type=\"widget\" data-e-type=\"widget\" data-widget_type=\"heading.default\">\n\t\t\t\t\t<h2 class=\"elementor-heading-title elementor-size-default\"><b>Thierry DELERUYELLE<\/b> <small><span style=\"color:#3A0A54\">Pr\u00e9sident<\/span><\/small><\/h2>\t\t\t\t<\/div>\n\t\t<div class=\"elementor-element elementor-element-1437328 e-grid e-con-full e-con e-child\" data-id=\"1437328\" data-element_type=\"container\" data-e-type=\"container\">\n\t\t\t\t<div class=\"elementor-element elementor-element-0f14879 elementor-widget elementor-widget-text-editor\" data-id=\"0f14879\" data-element_type=\"widget\" data-e-type=\"widget\" data-widget_type=\"text-editor.default\">\n\t\t\t\t\t\t\t\t\t<p>Thierry Deleruyelle est un compositeur, chef d\u2019orchestre et percussionniste fran\u00e7ais n\u00e9 \u00e0 Arras (France) en 1983. Dipl\u00f4m\u00e9 du Conservatoire national sup\u00e9rieur de musique de Paris (CNSM), il y obtient les prix de Percussion, Harmonie, Contrepoint, Fugue et Formes, couronn\u00e9s par deux Dipl\u00f4mes de formation sup\u00e9rieure (DFS) en \u00c9criture et en Percussion, mention Tr\u00e8s Bien \u00e0 l\u2019unanimit\u00e9. Il entame sa carri\u00e8re de musicien en tant que percussionniste suppl\u00e9mentaire au sein d\u2019orchestres symphoniques parisiens et d\u00e9veloppe parall\u00e8lement une intense activit\u00e9 de compositeur. Il compose alors pour de nombreuses formations, du soliste \u00e0 la musique de chambre, mais c\u2019est l\u2019orchestre qui occupe une place centrale dans son oeuvre. Passionn\u00e9 par l\u2019\u00e9criture pour orchestre d\u2019harmonie et brass band, ses oeuvres sont publi\u00e9es chez De Haske Publications, au sein du prestigieux \u00e9diteur mondial Hal Leonard. Son catalogue est aujourd\u2019hui jou\u00e9 \u00e0 travers le monde, aussi bien par des orchestres professionnels que par des formations amateurs ou des ensembles de jeunes musiciens, dans le cadre de concerts ou de concours internationaux. Thierry Deleruyelle est le premier compositeur fran\u00e7ais \u00e0 avoir \u00e9crit la pi\u00e8ce impos\u00e9e du Championnat Europ\u00e9en de Brass Band (division Championship) en 2016 (Fraternity), reprise comme pi\u00e8ce impos\u00e9e du British Open en 2017, puis \u00e0 nouveau pour ce concours en 2023 (Sand and Stars).<\/p>\t\t\t\t\t\t\t\t<\/div>\n\t\t\t\t<div class=\"elementor-element elementor-element-4256be7 elementor-widget elementor-widget-text-editor\" data-id=\"4256be7\" data-element_type=\"widget\" data-e-type=\"widget\" data-widget_type=\"text-editor.default\">\n\t\t\t\t\t\t\t\t\t<p>Il est salu\u00e9 \u00e0 plusieurs reprises par un jury international, recevant les 4barsrest Awards du meilleur compositeur de l\u2019ann\u00e9e en 2016, 2017 et 2023. Ses oeuvres sont r\u00e9guli\u00e8rement command\u00e9es en France et \u00e0 l\u2019\u00e9tranger (Belgique, Allemagne, Suisse, Pays-Bas, Grande-Bretagne, Japon, etc.), par des f\u00e9d\u00e9rations musicales, des orchestres prestigieux, des concours ou encore des solistes de renom. Elles allient exigence artistique et accessibilit\u00e9. En 2024, il remporte le Grand Prix du concours de cr\u00e9ation musicale du minist\u00e8re des Arm\u00e9es, d\u00e9cern\u00e9 par la Direction de la m\u00e9moire, de la culture et des archives (DMCA). L\u2019ann\u00e9e suivante, sa composition H\u00e9ros de la Libert\u00e9 est interpr\u00e9t\u00e9e le 8 mai 2025 \u00e0 l\u2019Arc de Triomphe \u00e0 Paris par un orchestre de 270 musiciens venus de six nations, en pr\u00e9sence du Pr\u00e9sident de la R\u00e9publique, \u00e0 l\u2019occasion des 80 ans de la Lib\u00e9ration. Quelques mois plus t\u00f4t, le 14 juillet 2023, sa pi\u00e8ce Majesty ouvrait le d\u00e9fil\u00e9 militaire sur les Champs-\u00c9lys\u00e9es devant le Pr\u00e9sident Emmanuel Macron. Thierry Deleruyelle est \u00e9galement chef d\u2019orchestre. Il dirige r\u00e9guli\u00e8rement ses propres oeuvres dans le cadre de masterclasses, de r\u00e9sidences ou de concerts. Il est l\u2019un des membres fondateurs de l\u2019Orchestre Voltige, un ensemble regroupant des musiciens de haut niveau, professionnels ou amateurs \u00e9clair\u00e9s, d\u00e9di\u00e9 \u00e0 la valorisation du r\u00e9pertoire original pour orchestre d\u2019harmonie.<\/p>\t\t\t\t\t\t\t\t<\/div>\n\t\t\t\t<\/div>\n\t\t\t\t<div class=\"elementor-element elementor-element-9a6db11 elementor-widget-divider--separator-type-pattern elementor-widget-divider--view-line elementor-widget elementor-widget-divider\" data-id=\"9a6db11\" data-element_type=\"widget\" data-e-type=\"widget\" data-widget_type=\"divider.default\">\n\t\t\t\t\t\t\t<div class=\"elementor-divider\" style=\"--divider-pattern-url: url(&quot;data:image\/svg+xml,%3Csvg xmlns=&#039;http:\/\/www.w3.org\/2000\/svg&#039; preserveAspectRatio=&#039;none&#039; overflow=&#039;visible&#039; height=&#039;100%&#039; viewBox=&#039;0 0 24 24&#039; fill=&#039;none&#039; stroke=&#039;black&#039; stroke-width=&#039;7.2&#039; stroke-linecap=&#039;square&#039; stroke-miterlimit=&#039;10&#039;%3E%3Cpath d=&#039;M0,6c6,0,0.9,11.1,6.9,11.1S18,6,24,6&#039;\/%3E%3C\/svg%3E&quot;);\">\n\t\t\t<span class=\"elementor-divider-separator\">\n\t\t\t\t\t\t<\/span>\n\t\t<\/div>\n\t\t\t\t\t\t<\/div>\n\t\t\t\t<div class=\"elementor-element elementor-element-eb80c8f elementor-widget elementor-widget-heading\" data-id=\"eb80c8f\" data-element_type=\"widget\" data-e-type=\"widget\" data-widget_type=\"heading.default\">\n\t\t\t\t\t<h2 class=\"elementor-heading-title elementor-size-default\"><b>Ingebj\u00f8rg VILHELMSEN<\/b> <small><span style=\"color:#3A0A54\">Assesseuse<\/span><\/small><\/h2>\t\t\t\t<\/div>\n\t\t\t\t<div class=\"elementor-element elementor-element-d19d442 elementor-widget elementor-widget-text-editor\" data-id=\"d19d442\" data-element_type=\"widget\" data-e-type=\"widget\" data-widget_type=\"text-editor.default\">\n\t\t\t\t\t\t\t\t\t<p>Ingebj\u00f8rg Vilhelmsen est une compositrice norv\u00e9gienne et cornet solo de l\u2019Oslofjord Brass. Sa musique allie d\u00e9fi technique et narration lyrique, ce qui lui a valu plusieurs nominations et r\u00e9compenses, dont le titre de \u00ab Newcomer of the Year \u00bb d\u00e9cern\u00e9 par 4BR (2024) et le prix \u00ab Breakthrough of the Year \u00bb du Music Publishers Award (2022). Parmi les oeuvres marquantes de son r\u00e9pertoire pour brass band figurent The Cosmographic Mystery, son oeuvre phare, The Island of Doctor Moreau, command\u00e9e par Manger Musikklag, ainsi qu\u2019Embracing Duality, command\u00e9e par l\u2019European Brass Band Association (EBBA) pour le Championnat Europ\u00e9en de Brass Band 2025 \u00e0 Stavanger. Ingebj\u00f8rg Vilhelmsen est \u00e9galement une juge exp\u00e9riment\u00e9e, r\u00e9guli\u00e8rement invit\u00e9e en tant que membre de jurys de concours nationaux et internationaux de brass bands.<\/p>\t\t\t\t\t\t\t\t<\/div>\n\t\t\t\t<div class=\"elementor-element elementor-element-b42f91f elementor-widget elementor-widget-image\" data-id=\"b42f91f\" data-element_type=\"widget\" data-e-type=\"widget\" data-widget_type=\"image.default\">\n\t\t\t\t\t\t\t\t\t\t\t\t\t\t\t<img decoding=\"async\" src=\"https:\/\/www.brassband.fr\/wp-content\/uploads\/2026\/02\/instruments.png\" title=\"instruments\" alt=\"instruments\" loading=\"lazy\" \/>\t\t\t\t\t\t\t\t\t\t\t\t\t\t\t<\/div>\n\t\t\t\t<div class=\"elementor-element elementor-element-8b092d3 elementor-widget-divider--separator-type-pattern elementor-widget-divider--view-line elementor-widget elementor-widget-divider\" data-id=\"8b092d3\" data-element_type=\"widget\" data-e-type=\"widget\" data-widget_type=\"divider.default\">\n\t\t\t\t\t\t\t<div class=\"elementor-divider\" style=\"--divider-pattern-url: url(&quot;data:image\/svg+xml,%3Csvg xmlns=&#039;http:\/\/www.w3.org\/2000\/svg&#039; preserveAspectRatio=&#039;none&#039; overflow=&#039;visible&#039; height=&#039;100%&#039; viewBox=&#039;0 0 24 24&#039; fill=&#039;none&#039; stroke=&#039;black&#039; stroke-width=&#039;7.2&#039; stroke-linecap=&#039;square&#039; stroke-miterlimit=&#039;10&#039;%3E%3Cpath d=&#039;M0,6c6,0,0.9,11.1,6.9,11.1S18,6,24,6&#039;\/%3E%3C\/svg%3E&quot;);\">\n\t\t\t<span class=\"elementor-divider-separator\">\n\t\t\t\t\t\t<\/span>\n\t\t<\/div>\n\t\t\t\t\t\t<\/div>\n\t\t\t\t<div class=\"elementor-element elementor-element-6bfc205 elementor-widget elementor-widget-heading\" data-id=\"6bfc205\" data-element_type=\"widget\" data-e-type=\"widget\" data-widget_type=\"heading.default\">\n\t\t\t\t\t<h2 class=\"elementor-heading-title elementor-size-default\"><b>Christophe BOND<\/b> <small><span style=\"color:#3A0A54\">Assesseur<\/span><\/small><\/h2>\t\t\t\t<\/div>\n\t\t<div class=\"elementor-element elementor-element-13fe021 e-grid e-con-full e-con e-child\" data-id=\"13fe021\" data-element_type=\"container\" data-e-type=\"container\">\n\t\t\t\t<div class=\"elementor-element elementor-element-bddc0cc elementor-widget elementor-widget-text-editor\" data-id=\"bddc0cc\" data-element_type=\"widget\" data-e-type=\"widget\" data-widget_type=\"text-editor.default\">\n\t\t\t\t\t\t\t\t\t<p>D\u00e9crit comme \u00ab un jeune homme extraordinaire, de qui la musique s\u2019\u00e9chappe avec une g\u00e9n\u00e9rosit\u00e9 d\u00e9licieuse \u00bb par l\u2019actrice laur\u00e9ate d\u2019un BAFTA Miriam Margolyes, Christopher s\u2019est forg\u00e9 une carri\u00e8re de compositeur, chef d\u2019orchestre, directeur musical et p\u00e9dagogue. Au cours des dix derni\u00e8res ann\u00e9es, il a collabor\u00e9 \u00e9troitement avec le Cory Band en tant que compositeur en r\u00e9sidence, puis plus r\u00e9cemment avec le GUS Band en qualit\u00e9 de directeur musical, avec lequel il a remport\u00e9 la Wainstone Cup en 2023 et 2024, et qu\u2019il a dirig\u00e9 lors du Brass in Concert en 2024 et 2025. Dipl\u00f4m\u00e9 du Royal Welsh College of Music &amp; Drama, Christopher a re\u00e7u des commandes de nombreux ensembles britanniques de premier plan, parmi lesquels Brighouse &amp; Rastrick, Cory, Flowers, Grimethorpe, GUS, Leyland et Whitburn, et a \u00e9t\u00e9 diffus\u00e9 sur BBC Radio 2, 3, 4 ainsi que sur Classic FM. Ses oeuvres pour brass band ont \u00e9t\u00e9 choisies comme pi\u00e8ces impos\u00e9es aux championnats de brass band r\u00e9gionaux et nationaux britanniques, mais aussi aux championnats nationaux d\u2019Australie, de France, d\u2019Allemagne, d\u2019Irlande, de Nouvelle-Z\u00e9lande et de Suisse, ainsi qu\u2019au Championnat Europ\u00e9en des Jeunes. Christopher a compos\u00e9 et dirig\u00e9 les bandes originales orchestrales de Magic in the Skies, la saison estivale de feux d\u2019artifice du site embl\u00e9matique britannique de Land\u2019s End, depuis 2014.\u00a0<\/p>\t\t\t\t\t\t\t\t<\/div>\n\t\t\t\t<div class=\"elementor-element elementor-element-ec24207 elementor-widget elementor-widget-text-editor\" data-id=\"ec24207\" data-element_type=\"widget\" data-e-type=\"widget\" data-widget_type=\"text-editor.default\">\n\t\t\t\t\t\t\t\t\t<p>Dans ce cadre, il a collabor\u00e9 avec l\u2019actrice Miriam Margolyes et l\u2019acteur John Nettles. En 2012, il a par ailleurs re\u00e7u une commande, dans le cadre du Jubil\u00e9 de diamant, pour la Royal Diamond Jubilee Fanfare, interpr\u00e9t\u00e9e en pr\u00e9sence de Sa Majest\u00e9 la reine Elizabeth II et du duc d\u2019\u00c9dimbourg. Christopher a \u00e9galement si\u00e9g\u00e9 au sein de nombreux jurys, notamment pour le BBC Young Musician, les championnats r\u00e9gionaux et nationaux britanniques de brass band, les championnats de fanfares du sud de l\u2019Irlande, le Scottish Open, UniBrass et Whit Friday, entre autres. Il est membre de l\u2019Association of Brass Band Adjudicators (Association des juges de brass band), au sein de laquelle il a si\u00e9g\u00e9 au comit\u00e9 ex\u00e9cutif de 2021 \u00e0 2026. Christopher travaille par ailleurs r\u00e9guli\u00e8rement dans le domaine du th\u00e9\u00e2tre en tant que directeur musical pour la compagnie de production Imagine Theatre. Il a r\u00e9cemment achev\u00e9 une s\u00e9rie de repr\u00e9sentations de Jack et le Haricot magique au Crewe Lyceum, aux c\u00f4t\u00e9s de la star du West End, Jennifer Ellison, lors de la saison 2025\/2026.<\/p>\t\t\t\t\t\t\t\t<\/div>\n\t\t\t\t<\/div>\n\t\t\t\t\t<\/div>\n\t\t\t\t<\/div>\n\t\t\t\t<\/div>\n\t\t","protected":false},"excerpt":{"rendered":"<p>ThierryDELERUYELLE Pr\u00e9sident Ingebj\u00f8rgVILHELMSEN Assesseuse ChristopherBOND Assesseur le Jury Thierry DELERUYELLE Pr\u00e9sident Thierry Deleruyelle est un compositeur, chef d\u2019orchestre et percussionniste fran\u00e7ais n\u00e9 \u00e0 Arras (France) en 1983. Dipl\u00f4m\u00e9 du Conservatoire national sup\u00e9rieur de musique de Paris (CNSM), il y obtient les prix de Percussion, Harmonie, Contrepoint, Fugue et Formes, couronn\u00e9s par deux Dipl\u00f4mes de formation [&hellip;]<\/p>\n","protected":false},"author":1,"featured_media":0,"parent":0,"menu_order":0,"comment_status":"closed","ping_status":"closed","template":"","meta":{"footnotes":""},"class_list":["post-94","page","type-page","status-publish","hentry"],"_links":{"self":[{"href":"http:\/\/www.brassband.fr\/index.php?rest_route=\/wp\/v2\/pages\/94","targetHints":{"allow":["GET"]}}],"collection":[{"href":"http:\/\/www.brassband.fr\/index.php?rest_route=\/wp\/v2\/pages"}],"about":[{"href":"http:\/\/www.brassband.fr\/index.php?rest_route=\/wp\/v2\/types\/page"}],"author":[{"embeddable":true,"href":"http:\/\/www.brassband.fr\/index.php?rest_route=\/wp\/v2\/users\/1"}],"replies":[{"embeddable":true,"href":"http:\/\/www.brassband.fr\/index.php?rest_route=%2Fwp%2Fv2%2Fcomments&post=94"}],"version-history":[{"count":14,"href":"http:\/\/www.brassband.fr\/index.php?rest_route=\/wp\/v2\/pages\/94\/revisions"}],"predecessor-version":[{"id":410,"href":"http:\/\/www.brassband.fr\/index.php?rest_route=\/wp\/v2\/pages\/94\/revisions\/410"}],"wp:attachment":[{"href":"http:\/\/www.brassband.fr\/index.php?rest_route=%2Fwp%2Fv2%2Fmedia&parent=94"}],"curies":[{"name":"wp","href":"https:\/\/api.w.org\/{rel}","templated":true}]}}