{"id":92,"date":"2026-02-26T21:16:46","date_gmt":"2026-02-26T21:16:46","guid":{"rendered":"http:\/\/www.brassband.fr\/?page_id=92"},"modified":"2026-02-27T12:00:12","modified_gmt":"2026-02-27T12:00:12","slug":"streaming","status":"publish","type":"page","link":"http:\/\/www.brassband.fr\/?page_id=92","title":{"rendered":"Streaming Live"},"content":{"rendered":"\t\t<div data-elementor-type=\"wp-page\" data-elementor-id=\"92\" class=\"elementor elementor-92\" data-elementor-post-type=\"page\">\n\t\t\t\t<div class=\"elementor-element elementor-element-cb6e0e3 e-flex e-con-boxed e-con e-parent\" data-id=\"cb6e0e3\" data-element_type=\"container\" data-e-type=\"container\">\n\t\t\t\t\t<div class=\"e-con-inner\">\n\t\t\t\t<div class=\"elementor-element elementor-element-ab30779 elementor-widget elementor-widget-heading\" data-id=\"ab30779\" data-element_type=\"widget\" data-e-type=\"widget\" data-widget_type=\"heading.default\">\n\t\t\t\t\t<h2 class=\"elementor-heading-title elementor-size-default\">Samedi 28 f\u00e9vrier 2026<\/h2>\t\t\t\t<\/div>\n\t\t\t\t<div class=\"elementor-element elementor-element-9590223 elementor-align-right elementor-mobile-align-center elementor-widget elementor-widget-button\" data-id=\"9590223\" data-element_type=\"widget\" data-e-type=\"widget\" data-widget_type=\"button.default\">\n\t\t\t\t\t\t\t\t\t\t<a class=\"elementor-button elementor-button-link elementor-size-sm elementor-animation-pulse-grow\" href=\"http:\/\/www.brassband.fr\/?page_id=69\">\n\t\t\t\t\t\t<span class=\"elementor-button-content-wrapper\">\n\t\t\t\t\t\t<span class=\"elementor-button-icon\">\n\t\t\t\t<svg aria-hidden=\"true\" class=\"e-font-icon-svg e-fas-book-open\" viewBox=\"0 0 576 512\" xmlns=\"http:\/\/www.w3.org\/2000\/svg\"><path d=\"M542.22 32.05c-54.8 3.11-163.72 14.43-230.96 55.59-4.64 2.84-7.27 7.89-7.27 13.17v363.87c0 11.55 12.63 18.85 23.28 13.49 69.18-34.82 169.23-44.32 218.7-46.92 16.89-.89 30.02-14.43 30.02-30.66V62.75c.01-17.71-15.35-31.74-33.77-30.7zM264.73 87.64C197.5 46.48 88.58 35.17 33.78 32.05 15.36 31.01 0 45.04 0 62.75V400.6c0 16.24 13.13 29.78 30.02 30.66 49.49 2.6 149.59 12.11 218.77 46.95 10.62 5.35 23.21-1.94 23.21-13.46V100.63c0-5.29-2.62-10.14-7.27-12.99z\"><\/path><\/svg>\t\t\t<\/span>\n\t\t\t\t\t\t\t\t\t<span class=\"elementor-button-text\">Voir le programme<\/span>\n\t\t\t\t\t<\/span>\n\t\t\t\t\t<\/a>\n\t\t\t\t\t\t\t\t<\/div>\n\t\t\t\t<div class=\"elementor-element elementor-element-8b9e15e elementor-widget elementor-widget-video\" data-id=\"8b9e15e\" data-element_type=\"widget\" data-e-type=\"widget\" data-settings=\"{&quot;youtube_url&quot;:&quot;https:\\\/\\\/www.youtube.com\\\/embed\\\/68qSMuIVhgo&quot;,&quot;video_type&quot;:&quot;youtube&quot;,&quot;controls&quot;:&quot;yes&quot;}\" data-widget_type=\"video.default\">\n\t\t\t\t\t\t\t<div class=\"elementor-wrapper elementor-open-inline\">\n\t\t\t<div class=\"elementor-video\"><\/div>\t\t<\/div>\n\t\t\t\t\t\t<\/div>\n\t\t\t\t<div class=\"elementor-element elementor-element-42e0c14 elementor-widget elementor-widget-heading\" data-id=\"42e0c14\" data-element_type=\"widget\" data-e-type=\"widget\" data-widget_type=\"heading.default\">\n\t\t\t\t\t<h2 class=\"elementor-heading-title elementor-size-default\">Dimanche 1er mars 2026<\/h2>\t\t\t\t<\/div>\n\t\t\t\t<div class=\"elementor-element elementor-element-a806fda elementor-align-right elementor-hidden-mobile elementor-widget elementor-widget-button\" data-id=\"a806fda\" data-element_type=\"widget\" data-e-type=\"widget\" data-widget_type=\"button.default\">\n\t\t\t\t\t\t\t\t\t\t<a class=\"elementor-button elementor-button-link elementor-size-sm elementor-animation-pulse-grow\" href=\"http:\/\/www.brassband.fr\/?page_id=69\">\n\t\t\t\t\t\t<span class=\"elementor-button-content-wrapper\">\n\t\t\t\t\t\t<span class=\"elementor-button-icon\">\n\t\t\t\t<svg aria-hidden=\"true\" class=\"e-font-icon-svg e-fas-book-open\" viewBox=\"0 0 576 512\" xmlns=\"http:\/\/www.w3.org\/2000\/svg\"><path d=\"M542.22 32.05c-54.8 3.11-163.72 14.43-230.96 55.59-4.64 2.84-7.27 7.89-7.27 13.17v363.87c0 11.55 12.63 18.85 23.28 13.49 69.18-34.82 169.23-44.32 218.7-46.92 16.89-.89 30.02-14.43 30.02-30.66V62.75c.01-17.71-15.35-31.74-33.77-30.7zM264.73 87.64C197.5 46.48 88.58 35.17 33.78 32.05 15.36 31.01 0 45.04 0 62.75V400.6c0 16.24 13.13 29.78 30.02 30.66 49.49 2.6 149.59 12.11 218.77 46.95 10.62 5.35 23.21-1.94 23.21-13.46V100.63c0-5.29-2.62-10.14-7.27-12.99z\"><\/path><\/svg>\t\t\t<\/span>\n\t\t\t\t\t\t\t\t\t<span class=\"elementor-button-text\">Voir le programme<\/span>\n\t\t\t\t\t<\/span>\n\t\t\t\t\t<\/a>\n\t\t\t\t\t\t\t\t<\/div>\n\t\t\t\t<div class=\"elementor-element elementor-element-436bb1a elementor-widget elementor-widget-video\" data-id=\"436bb1a\" data-element_type=\"widget\" data-e-type=\"widget\" data-settings=\"{&quot;youtube_url&quot;:&quot;https:\\\/\\\/www.youtube.com\\\/embed\\\/qyTl-COV4qs&quot;,&quot;video_type&quot;:&quot;youtube&quot;,&quot;controls&quot;:&quot;yes&quot;}\" data-widget_type=\"video.default\">\n\t\t\t\t\t\t\t<div class=\"elementor-wrapper elementor-open-inline\">\n\t\t\t<div class=\"elementor-video\"><\/div>\t\t<\/div>\n\t\t\t\t\t\t<\/div>\n\t\t\t\t\t<\/div>\n\t\t\t\t<\/div>\n\t\t<div class=\"elementor-element elementor-element-72cab35 e-flex e-con-boxed e-con e-parent\" data-id=\"72cab35\" data-element_type=\"container\" data-e-type=\"container\">\n\t\t\t\t\t<div class=\"e-con-inner\">\n\t\t<div class=\"elementor-element elementor-element-26f6eb4 e-con-full e-flex e-con e-child\" data-id=\"26f6eb4\" data-element_type=\"container\" data-e-type=\"container\" data-settings=\"{&quot;background_background&quot;:&quot;classic&quot;}\">\n\t\t\t\t<div class=\"elementor-element elementor-element-1699bec elementor-view-default elementor-widget elementor-widget-icon\" data-id=\"1699bec\" data-element_type=\"widget\" data-e-type=\"widget\" data-widget_type=\"icon.default\">\n\t\t\t\t\t\t\t<div class=\"elementor-icon-wrapper\">\n\t\t\t<div class=\"elementor-icon\">\n\t\t\t<svg aria-hidden=\"true\" class=\"e-font-icon-svg e-far-star\" viewBox=\"0 0 576 512\" xmlns=\"http:\/\/www.w3.org\/2000\/svg\"><path d=\"M528.1 171.5L382 150.2 316.7 17.8c-11.7-23.6-45.6-23.9-57.4 0L194 150.2 47.9 171.5c-26.2 3.8-36.7 36.1-17.7 54.6l105.7 103-25 145.5c-4.5 26.3 23.2 46 46.4 33.7L288 439.6l130.7 68.7c23.2 12.2 50.9-7.4 46.4-33.7l-25-145.5 105.7-103c19-18.5 8.5-50.8-17.7-54.6zM388.6 312.3l23.7 138.4L288 385.4l-124.3 65.3 23.7-138.4-100.6-98 139-20.2 62.2-126 62.2 126 139 20.2-100.6 98z\"><\/path><\/svg>\t\t\t<\/div>\n\t\t<\/div>\n\t\t\t\t\t\t<\/div>\n\t\t\t\t<div class=\"elementor-element elementor-element-29b1a47 elementor-widget elementor-widget-heading\" data-id=\"29b1a47\" data-element_type=\"widget\" data-e-type=\"widget\" data-widget_type=\"heading.default\">\n\t\t\t\t\t<h2 class=\"elementor-heading-title elementor-size-default\">Solidarit\u00e9 EYBB 2026<\/h2>\t\t\t\t<\/div>\n\t\t<div class=\"elementor-element elementor-element-131e48d e-con-full e-flex e-con e-child\" data-id=\"131e48d\" data-element_type=\"container\" data-e-type=\"container\">\n\t\t\t\t<div class=\"elementor-element elementor-element-7e2b48e elementor-widget elementor-widget-heading\" data-id=\"7e2b48e\" data-element_type=\"widget\" data-e-type=\"widget\" data-widget_type=\"heading.default\">\n\t\t\t\t\t<h2 class=\"elementor-heading-title elementor-size-default\">Participez \u00e0 la cagnotte participative pour soutenir nos jeunes fran\u00e7ais !<\/h2>\t\t\t\t<\/div>\n\t\t\t\t<\/div>\n\t\t\t\t<div class=\"elementor-element elementor-element-cc44e6c elementor-widget elementor-widget-text-editor\" data-id=\"cc44e6c\" data-element_type=\"widget\" data-e-type=\"widget\" data-widget_type=\"text-editor.default\">\n\t\t\t\t\t\t\t\t\t<p>Chaque ann\u00e9e, \u00e0 l&rsquo;occasion du <b>Championnat d&rsquo;Europe de Brass Band (EBBC)<\/b>, la <b>F\u00e9d\u00e9ration Europ\u00e9enne des Brass Bands (EBBA) <\/b>organise le <b>Brass Band Europ\u00e9en des Jeunes (EYBB)<\/b>.<\/p>\n<p>Les Fran\u00e7ais qualifi\u00e9s cette ann\u00e9e sont :<\/p>\n<ul>\n<li><strong>Charli LOTTIN<\/strong> (Trombone), Brass Band de la C\u00f4te Picarde.<\/li>\n<li><strong>Isaac LECLAIRE&nbsp;<\/strong>(Cornet), Brass Band Atout Vent.<\/li>\n<li><strong>L\u00e9na AUDINET&nbsp;<\/strong>(Cornet), Brass Band des Gones.<\/li>\n<\/ul>\n<p><a href=\"https:\/\/www.leetchi.com\/fr\/c\/brass-band-europeen-des-jeunes-2026-soutenons-nos-jeunes-francais-1907454?utm_source=copylink&amp;utm_medium=social_sharing\" target=\"_blank\" rel=\"noopener\"><img decoding=\"async\" class=\"size-full wp-image-436 aligncenter\" src=\"http:\/\/www.brassband.fr\/wp-content\/uploads\/2026\/02\/QR-EYBB26.png\" alt=\"\" width=\"200\" height=\"200\" srcset=\"http:\/\/www.brassband.fr\/wp-content\/uploads\/2026\/02\/QR-EYBB26.png 200w, http:\/\/www.brassband.fr\/wp-content\/uploads\/2026\/02\/QR-EYBB26-150x150.png 150w\" sizes=\"(max-width: 200px) 100vw, 200px\" \/><\/a><\/p>\n<p>Ils repr\u00e9senteront notre pays au sein du <b>Brass Band Europ\u00e9en des Jeunes 2026<\/b>, qui se r\u00e9unira la seconde quinzaine d&rsquo;avril \u00e0 Linz, en Autriche, \u00e0 l&rsquo;occasion du <b>Championnat d&rsquo;Europe de Brass Band 2026<\/b>.<\/p>\n<p>Si l&rsquo;h\u00e9bergement sur place est enti\u00e8rement pris en charge par la F\u00e9d\u00e9ration Europ\u00e9enne, ce n&rsquo;est pas le cas du trajet aller-retour jusqu&rsquo;en Autriche, qui reste \u00e0 la charge des participants.<\/p>\n<p>C&rsquo;est pourquoi nous vous invitons \u00e0 contribuer au financement de leur voyage en faisant un don du montant de votre choix via cette cagnotte.<\/p>\n<p><strong>Merci pour eux !<\/strong><\/p>\t\t\t\t\t\t\t\t<\/div>\n\t\t\t\t<\/div>\n\t\t\t\t\t<\/div>\n\t\t\t\t<\/div>\n\t\t\t\t<\/div>\n\t\t","protected":false},"excerpt":{"rendered":"<p>Samedi 28 f\u00e9vrier 2026 Voir le programme https:\/\/www.youtube.com\/embed\/68qSMuIVhgo Dimanche 1er mars 2026 Voir le programme Solidarit\u00e9 EYBB 2026 Participez \u00e0 la cagnotte participative pour soutenir nos jeunes fran\u00e7ais ! Chaque ann\u00e9e, \u00e0 l&rsquo;occasion du Championnat d&rsquo;Europe de Brass Band (EBBC), la F\u00e9d\u00e9ration Europ\u00e9enne des Brass Bands (EBBA) organise le Brass Band Europ\u00e9en des Jeunes (EYBB). [&hellip;]<\/p>\n","protected":false},"author":1,"featured_media":0,"parent":0,"menu_order":0,"comment_status":"closed","ping_status":"closed","template":"","meta":{"footnotes":""},"class_list":["post-92","page","type-page","status-publish","hentry"],"_links":{"self":[{"href":"http:\/\/www.brassband.fr\/index.php?rest_route=\/wp\/v2\/pages\/92","targetHints":{"allow":["GET"]}}],"collection":[{"href":"http:\/\/www.brassband.fr\/index.php?rest_route=\/wp\/v2\/pages"}],"about":[{"href":"http:\/\/www.brassband.fr\/index.php?rest_route=\/wp\/v2\/types\/page"}],"author":[{"embeddable":true,"href":"http:\/\/www.brassband.fr\/index.php?rest_route=\/wp\/v2\/users\/1"}],"replies":[{"embeddable":true,"href":"http:\/\/www.brassband.fr\/index.php?rest_route=%2Fwp%2Fv2%2Fcomments&post=92"}],"version-history":[{"count":26,"href":"http:\/\/www.brassband.fr\/index.php?rest_route=\/wp\/v2\/pages\/92\/revisions"}],"predecessor-version":[{"id":442,"href":"http:\/\/www.brassband.fr\/index.php?rest_route=\/wp\/v2\/pages\/92\/revisions\/442"}],"wp:attachment":[{"href":"http:\/\/www.brassband.fr\/index.php?rest_route=%2Fwp%2Fv2%2Fmedia&parent=92"}],"curies":[{"name":"wp","href":"https:\/\/api.w.org\/{rel}","templated":true}]}}