{"id":2,"date":"2026-02-03T09:38:36","date_gmt":"2026-02-03T09:38:36","guid":{"rendered":"http:\/\/brassband.fr\/?page_id=2"},"modified":"2026-02-27T11:26:29","modified_gmt":"2026-02-27T11:26:29","slug":"cnbb2026","status":"publish","type":"page","link":"http:\/\/www.brassband.fr\/","title":{"rendered":"Championnat 2026"},"content":{"rendered":"\t\t<div data-elementor-type=\"wp-page\" data-elementor-id=\"2\" class=\"elementor elementor-2\" data-elementor-post-type=\"page\">\n\t\t\t\t<div class=\"elementor-element elementor-element-7c7a999 e-con-full e-flex e-con e-parent\" data-id=\"7c7a999\" data-element_type=\"container\" data-e-type=\"container\" data-settings=\"{&quot;background_background&quot;:&quot;classic&quot;}\">\n\t\t<div class=\"elementor-element elementor-element-1ed310f e-con-full e-flex e-con e-child\" data-id=\"1ed310f\" data-element_type=\"container\" data-e-type=\"container\" data-settings=\"{&quot;background_background&quot;:&quot;classic&quot;}\">\n\t\t\t\t<div class=\"elementor-element elementor-element-7c36aca elementor-hidden-mobile elementor-nav-menu--dropdown-tablet elementor-nav-menu__text-align-aside elementor-widget elementor-widget-nav-menu\" data-id=\"7c36aca\" data-element_type=\"widget\" data-e-type=\"widget\" data-settings=\"{&quot;layout&quot;:&quot;vertical&quot;,&quot;submenu_icon&quot;:{&quot;value&quot;:&quot;&lt;svg aria-hidden=\\&quot;true\\&quot; class=\\&quot;e-font-icon-svg e-fas-caret-down\\&quot; viewBox=\\&quot;0 0 320 512\\&quot; xmlns=\\&quot;http:\\\/\\\/www.w3.org\\\/2000\\\/svg\\&quot;&gt;&lt;path d=\\&quot;M31.3 192h257.3c17.8 0 26.7 21.5 14.1 34.1L174.1 354.8c-7.8 7.8-20.5 7.8-28.3 0L17.2 226.1C4.6 213.5 13.5 192 31.3 192z\\&quot;&gt;&lt;\\\/path&gt;&lt;\\\/svg&gt;&quot;,&quot;library&quot;:&quot;fa-solid&quot;}}\" data-widget_type=\"nav-menu.default\">\n\t\t\t\t\t\t\t\t<nav aria-label=\"Menu\" class=\"elementor-nav-menu--main elementor-nav-menu__container elementor-nav-menu--layout-vertical e--pointer-underline e--animation-fade\">\n\t\t\t\t<ul id=\"menu-1-7c36aca\" class=\"elementor-nav-menu sm-vertical\"><li class=\"menu-item menu-item-type-post_type menu-item-object-page menu-item-home menu-item-126\"><a href=\"http:\/\/www.brassband.fr\/\" class=\"elementor-item\">Championnat 2026<\/a><\/li>\n<li class=\"menu-item menu-item-type-post_type menu-item-object-page menu-item-130\"><a href=\"http:\/\/www.brassband.fr\/?page_id=69\" class=\"elementor-item\">Progamme<\/a><\/li>\n<li class=\"menu-item menu-item-type-post_type menu-item-object-page menu-item-127\"><a href=\"http:\/\/www.brassband.fr\/?page_id=89\" class=\"elementor-item\">Brass bands<\/a><\/li>\n<li class=\"menu-item menu-item-type-post_type menu-item-object-page menu-item-128\"><a href=\"http:\/\/www.brassband.fr\/?page_id=94\" class=\"elementor-item\">Jury<\/a><\/li>\n<li class=\"menu-item menu-item-type-post_type menu-item-object-page menu-item-129\"><a href=\"http:\/\/www.brassband.fr\/?page_id=101\" class=\"elementor-item\">Partenaires<\/a><\/li>\n<li class=\"menu-item menu-item-type-post_type menu-item-object-page menu-item-131\"><a href=\"http:\/\/www.brassband.fr\/?page_id=92\" class=\"elementor-item\">En replay<\/a><\/li>\n<li class=\"menu-item menu-item-type-post_type menu-item-object-page menu-item-125\"><a href=\"http:\/\/www.brassband.fr\/?page_id=123\" class=\"elementor-item\">R\u00e9sultats<\/a><\/li>\n<\/ul>\t\t\t<\/nav>\n\t\t\t\t\t\t<nav class=\"elementor-nav-menu--dropdown elementor-nav-menu__container\" aria-hidden=\"true\">\n\t\t\t\t<ul id=\"menu-2-7c36aca\" class=\"elementor-nav-menu sm-vertical\"><li class=\"menu-item menu-item-type-post_type menu-item-object-page menu-item-home menu-item-126\"><a href=\"http:\/\/www.brassband.fr\/\" class=\"elementor-item\" tabindex=\"-1\">Championnat 2026<\/a><\/li>\n<li class=\"menu-item menu-item-type-post_type menu-item-object-page menu-item-130\"><a href=\"http:\/\/www.brassband.fr\/?page_id=69\" class=\"elementor-item\" tabindex=\"-1\">Progamme<\/a><\/li>\n<li class=\"menu-item menu-item-type-post_type menu-item-object-page menu-item-127\"><a href=\"http:\/\/www.brassband.fr\/?page_id=89\" class=\"elementor-item\" tabindex=\"-1\">Brass bands<\/a><\/li>\n<li class=\"menu-item menu-item-type-post_type menu-item-object-page menu-item-128\"><a href=\"http:\/\/www.brassband.fr\/?page_id=94\" class=\"elementor-item\" tabindex=\"-1\">Jury<\/a><\/li>\n<li class=\"menu-item menu-item-type-post_type menu-item-object-page menu-item-129\"><a href=\"http:\/\/www.brassband.fr\/?page_id=101\" class=\"elementor-item\" tabindex=\"-1\">Partenaires<\/a><\/li>\n<li class=\"menu-item menu-item-type-post_type menu-item-object-page menu-item-131\"><a href=\"http:\/\/www.brassband.fr\/?page_id=92\" class=\"elementor-item\" tabindex=\"-1\">En replay<\/a><\/li>\n<li class=\"menu-item menu-item-type-post_type menu-item-object-page menu-item-125\"><a href=\"http:\/\/www.brassband.fr\/?page_id=123\" class=\"elementor-item\" tabindex=\"-1\">R\u00e9sultats<\/a><\/li>\n<\/ul>\t\t\t<\/nav>\n\t\t\t\t\t\t<\/div>\n\t\t\t\t<\/div>\n\t\t<div class=\"elementor-element elementor-element-eb63be6 e-con-full e-flex e-con e-child\" data-id=\"eb63be6\" data-element_type=\"container\" data-e-type=\"container\">\n\t\t\t\t<div class=\"elementor-element elementor-element-6bbc022 elementor-widget elementor-widget-heading\" data-id=\"6bbc022\" data-element_type=\"widget\" data-e-type=\"widget\" data-widget_type=\"heading.default\">\n\t\t\t\t\t<h2 class=\"elementor-heading-title elementor-size-default\">\u00e9dito<\/h2>\t\t\t\t<\/div>\n\t\t\t\t<div class=\"elementor-element elementor-element-8a2b85d elementor-widget elementor-widget-text-editor\" data-id=\"8a2b85d\" data-element_type=\"widget\" data-e-type=\"widget\" data-widget_type=\"text-editor.default\">\n\t\t\t\t\t\t\t\t\t<p data-start=\"0\" data-end=\"377\">Avec cette 21\u1d49 \u00e9dition, le <b>Championnat National de Brass Band <\/b>s\u2019inscrit d\u00e9sormais comme un rendez-vous incontournable du paysage musical fran\u00e7ais. Ann\u00e9e apr\u00e8s ann\u00e9e, il s\u2019affirme comme un \u00e9v\u00e8nement majeur pour les ensembles, les musiciennes et musiciens, les professionnelles et professionnels de la fili\u00e8re, les partenaires, mais aussi pour le public toujours plus nombreux.<\/p><p data-start=\"379\" data-end=\"751\">Au-del\u00e0 de l\u2019exigence artistique et de l\u2019\u00e9mulation li\u00e9e \u00e0 l\u2019\u00e9valuation par un jury de haut niveau, le Championnat est avant tout un espace d\u2019expression, de transmission et de rencontres. Il offre aux brass bands l\u2019opportunit\u00e9 de faire entendre leur identit\u00e9 musicale, de valoriser leur travail collectif et de s\u2019inscrire dans une dynamique de progression et de dialogue.<\/p><p data-start=\"753\" data-end=\"1058\">Cette \u00e9dition rappelle \u00e9galement ce qui fait la singularit\u00e9 du Championnat National de Brass Band : un esprit d\u2019ouverture et de convivialit\u00e9, o\u00f9 se croisent des parcours, des g\u00e9n\u00e9rations et des horizons vari\u00e9s. Le temps d\u2019un week-end, la musique devient un langage commun, f\u00e9d\u00e9rateur et porteur de lien.<\/p><p data-start=\"1060\" data-end=\"1266\">La <b>Conf\u00e9d\u00e9ration Musicale de France<\/b> se r\u00e9jouit de voir cet \u00e9v\u00e9nement poursuivre son d\u00e9veloppement, port\u00e9 par l\u2019engagement des ensembles participants, des b\u00e9n\u00e9voles, des partenaires et des \u00e9quipes locales.<\/p><p data-start=\"1268\" data-end=\"1576\">Je tiens \u00e0 remercier chaleureusement le D<b>\u00e9partement de la Seine-Maritime<\/b>, la <b>Communaut\u00e9 de Communes des Quatre Rivi\u00e8res<\/b>, la <b>Ville de Forges-les-Eaux<\/b>, ainsi que l\u2019<b>Union D\u00e9partementale des Soci\u00e9t\u00e9s Musicales de Seine-Maritime (UDSM 76)<\/b> pour leur implication d\u00e9terminante dans la pr\u00e9paration de cette \u00e9dition.<\/p><p data-start=\"1578\" data-end=\"1720\" data-is-last-node=\"\" data-is-only-node=\"\">Je souhaite \u00e0 l\u2019ensemble des participantes et participants un excellent Championnat, riche en d\u00e9couvertes musicales et en \u00e9motions partag\u00e9es\u00a0!<\/p>\t\t\t\t\t\t\t\t<\/div>\n\t\t\t\t<div class=\"elementor-element elementor-element-1daa1f0 elementor-widget elementor-widget-image\" data-id=\"1daa1f0\" data-element_type=\"widget\" data-e-type=\"widget\" data-widget_type=\"image.default\">\n\t\t\t\t\t\t\t\t\t\t\t\t\t\t\t<img fetchpriority=\"high\" decoding=\"async\" width=\"800\" height=\"180\" src=\"http:\/\/www.brassband.fr\/wp-content\/uploads\/2026\/02\/Christophe-Morizot-2-1024x230.png\" class=\"attachment-large size-large wp-image-142\" alt=\"\" srcset=\"http:\/\/www.brassband.fr\/wp-content\/uploads\/2026\/02\/Christophe-Morizot-2-1024x230.png 1024w, http:\/\/www.brassband.fr\/wp-content\/uploads\/2026\/02\/Christophe-Morizot-2-300x67.png 300w, http:\/\/www.brassband.fr\/wp-content\/uploads\/2026\/02\/Christophe-Morizot-2-768x172.png 768w, http:\/\/www.brassband.fr\/wp-content\/uploads\/2026\/02\/Christophe-Morizot-2-1536x345.png 1536w, http:\/\/www.brassband.fr\/wp-content\/uploads\/2026\/02\/Christophe-Morizot-2.png 1676w\" sizes=\"(max-width: 800px) 100vw, 800px\" \/>\t\t\t\t\t\t\t\t\t\t\t\t\t\t\t<\/div>\n\t\t\t\t<\/div>\n\t\t\t\t<\/div>\n\t\t<div class=\"elementor-element elementor-element-42f26b5 e-flex e-con-boxed e-con e-parent\" data-id=\"42f26b5\" data-element_type=\"container\" data-e-type=\"container\">\n\t\t\t\t\t<div class=\"e-con-inner\">\n\t\t<div class=\"elementor-element elementor-element-7484654 e-con-full e-flex e-con e-child\" data-id=\"7484654\" data-element_type=\"container\" data-e-type=\"container\" data-settings=\"{&quot;background_background&quot;:&quot;classic&quot;}\">\n\t\t\t\t<div class=\"elementor-element elementor-element-f4d80d0 elementor-widget elementor-widget-heading\" data-id=\"f4d80d0\" data-element_type=\"widget\" data-e-type=\"widget\" data-widget_type=\"heading.default\">\n\t\t\t\t\t<h2 class=\"elementor-heading-title elementor-size-default\">remerciements<\/h2>\t\t\t\t<\/div>\n\t\t\t\t<div class=\"elementor-element elementor-element-9336abc elementor-widget elementor-widget-text-editor\" data-id=\"9336abc\" data-element_type=\"widget\" data-e-type=\"widget\" data-widget_type=\"text-editor.default\">\n\t\t\t\t\t\t\t\t\t<p>Nous adressons nos sinc\u00e8res remerciements \u00e0 l\u2019<b>Union D\u00e9partementale des Soci\u00e9t\u00e9s Musicales de Seine-Maritime<\/b>, organisateur local de cette nouvelle \u00e9dition. Nous remercions tout particuli\u00e8rement <b>notre partenaire principal, BERGERAULT<\/b>, pour la mise \u00e0 disposition gracieuse du mat\u00e9riel complet de percussions tout au long du Championnat, cette ann\u00e9e comme depuis de nombreuses ann\u00e9es.<\/p>\n<p>Nos remerciements vont \u00e9galement aux membres de la <b>Commission Brass Band <\/b>de la CMF : <b>Beno\u00eet Meurin<\/b>, responsable de la commission, <b>Laurent Douvre<\/b>, <b>Bernard Galinier<\/b>, <b>R\u00e9mi Leconte<\/b>, <b>William Th\u00e9baudeau-M\u00fcller<\/b> et <b>Pascal Piedefer<\/b>.<\/p>\n<p>Enfin, nous remercions l\u2019ensemble des partenaires et exposants pour leur soutien, en particulier <b>Hal Leonard <\/b>pour sa g\u00e9n\u00e9reuse offre de prix, <b>Digistyle <\/b>pour la captation et la diffusion du Championnat, <b>l\u2019\u00e9quipe permanente de la CMF<\/b>, et tout particuli\u00e8rement <b>les b\u00e9n\u00e9voles<\/b>, dont l\u2019implication est indispensable \u00e0 la r\u00e9ussite de cette manifestation.<\/p>\t\t\t\t\t\t\t\t<\/div>\n\t\t\t\t<\/div>\n\t\t\t\t\t<\/div>\n\t\t\t\t<\/div>\n\t\t<div class=\"elementor-element elementor-element-687bb85 e-flex e-con-boxed e-con e-parent\" data-id=\"687bb85\" data-element_type=\"container\" data-e-type=\"container\" data-settings=\"{&quot;background_background&quot;:&quot;classic&quot;}\">\n\t\t\t\t\t<div class=\"e-con-inner\">\n\t\t\t\t<div class=\"elementor-element elementor-element-8564aa8 elementor-view-default elementor-widget elementor-widget-icon\" data-id=\"8564aa8\" data-element_type=\"widget\" data-e-type=\"widget\" data-widget_type=\"icon.default\">\n\t\t\t\t\t\t\t<div class=\"elementor-icon-wrapper\">\n\t\t\t<div class=\"elementor-icon\">\n\t\t\t<svg aria-hidden=\"true\" class=\"e-font-icon-svg e-fas-search\" viewBox=\"0 0 512 512\" xmlns=\"http:\/\/www.w3.org\/2000\/svg\"><path d=\"M505 442.7L405.3 343c-4.5-4.5-10.6-7-17-7H372c27.6-35.3 44-79.7 44-128C416 93.1 322.9 0 208 0S0 93.1 0 208s93.1 208 208 208c48.3 0 92.7-16.4 128-44v16.3c0 6.4 2.5 12.5 7 17l99.7 99.7c9.4 9.4 24.6 9.4 33.9 0l28.3-28.3c9.4-9.4 9.4-24.6.1-34zM208 336c-70.7 0-128-57.2-128-128 0-70.7 57.2-128 128-128 70.7 0 128 57.2 128 128 0 70.7-57.2 128-128 128z\"><\/path><\/svg>\t\t\t<\/div>\n\t\t<\/div>\n\t\t\t\t\t\t<\/div>\n\t\t\t\t<div class=\"elementor-element elementor-element-f9eb0b1 elementor-widget elementor-widget-heading\" data-id=\"f9eb0b1\" data-element_type=\"widget\" data-e-type=\"widget\" data-widget_type=\"heading.default\">\n\t\t\t\t\t<h2 class=\"elementor-heading-title elementor-size-default\">Le mouvement<\/br>\nBrass Band<\/h2>\t\t\t\t<\/div>\n\t\t<div class=\"elementor-element elementor-element-68b1a96 e-grid e-con-full e-con e-child\" data-id=\"68b1a96\" data-element_type=\"container\" data-e-type=\"container\">\n\t\t\t\t<div class=\"elementor-element elementor-element-9e0ba49 elementor-widget elementor-widget-heading\" data-id=\"9e0ba49\" data-element_type=\"widget\" data-e-type=\"widget\" data-widget_type=\"heading.default\">\n\t\t\t\t\t<h2 class=\"elementor-heading-title elementor-size-default\">De l\u2019Angleterre \n\u00e0 la France&nbsp;: \nl\u2019\u00e9volution du \nmouvement \nBrass Band<\/h2>\t\t\t\t<\/div>\n\t\t\t\t<div class=\"elementor-element elementor-element-4cabd3e elementor-hidden-mobile elementor-widget elementor-widget-heading\" data-id=\"4cabd3e\" data-element_type=\"widget\" data-e-type=\"widget\" data-widget_type=\"heading.default\">\n\t\t\t\t\t<h2 class=\"elementor-heading-title elementor-size-default\">Un son, \nune couleur, \nun esprit<\/h2>\t\t\t\t<\/div>\n\t\t\t\t<\/div>\n\t\t<div class=\"elementor-element elementor-element-12c4d41 e-grid e-con-full e-con e-child\" data-id=\"12c4d41\" data-element_type=\"container\" data-e-type=\"container\">\n\t\t\t\t<div class=\"elementor-element elementor-element-1947916 elementor-widget elementor-widget-text-editor\" data-id=\"1947916\" data-element_type=\"widget\" data-e-type=\"widget\" data-widget_type=\"text-editor.default\">\n\t\t\t\t\t\t\t\t\t<p>Le mouvement Brass Band est n\u00e9 au milieu du 19e si\u00e8cle, principalement dans les villes mini\u00e8res du nord de l\u2019Angleterre. Chaque village ou chaque compagnie y poss\u00e8de alors son propre orchestre, jusqu\u2019\u00e0 la crise des ann\u00e9es 1990, repr\u00e9sent\u00e9e dans le film Les Virtuoses de Mark Herman (1997). La richesse sonore et le dynamisme de ces ensembles ont permis \u00e0 la culture des brass bands de se diffuser au-del\u00e0 des fronti\u00e8res anglaises, en Europe et dans le monde anglo-saxon, \u00e0 partir des ann\u00e9es 1980. Le championnat organis\u00e9 par la CMF offre ainsi l\u2019opportunit\u00e9 de faire d\u00e9couvrir ce genre musical, aujourd\u2019hui repr\u00e9sent\u00e9 par une soixantaine de formations \u00e0 travers toute la France.<\/p>\t\t\t\t\t\t\t\t<\/div>\n\t\t\t\t<div class=\"elementor-element elementor-element-b8f37ab elementor-hidden-desktop elementor-hidden-tablet elementor-widget elementor-widget-heading\" data-id=\"b8f37ab\" data-element_type=\"widget\" data-e-type=\"widget\" data-widget_type=\"heading.default\">\n\t\t\t\t\t<h2 class=\"elementor-heading-title elementor-size-default\">Un son, \nune couleur, \nun esprit<\/h2>\t\t\t\t<\/div>\n\t\t\t\t<div class=\"elementor-element elementor-element-1f5d680 elementor-widget elementor-widget-text-editor\" data-id=\"1f5d680\" data-element_type=\"widget\" data-e-type=\"widget\" data-widget_type=\"text-editor.default\">\n\t\t\t\t\t\t\t\t\t<p>Le Brass Band est un ensemble constitu\u00e9 d\u2019instruments de la famille des saxhorns, cornets, trombones et percussions, une combinaison qui reste inchang\u00e9e au fil du temps. Cela conf\u00e8re \u00e0 l\u2019ensemble un son imm\u00e9diatement reconnaissable, unique, chaleureux et virtuose. Compos\u00e9 de 20 \u00e0 35 musiciens, un Brass Band peut aborder des r\u00e9pertoires tr\u00e8s vari\u00e9s. Sa disposition historique en U, sur deux rangs, favorise une excellente visibilit\u00e9, une bonne \u00e9coute et de meilleurs \u00e9changes entre les instruments, du plus petit (aigu), le cornet soprano, aux plus grands (graves), les deux tubas contrebasses en Sib.<\/p>\t\t\t\t\t\t\t\t<\/div>\n\t\t\t\t<\/div>\n\t\t<div class=\"elementor-element elementor-element-d7093e0 e-con-full e-flex e-con e-child\" data-id=\"d7093e0\" data-element_type=\"container\" data-e-type=\"container\">\n\t\t\t\t<div class=\"elementor-element elementor-element-6c15d0f elementor-widget elementor-widget-heading\" data-id=\"6c15d0f\" data-element_type=\"widget\" data-e-type=\"widget\" data-widget_type=\"heading.default\">\n\t\t\t\t\t<h2 class=\"elementor-heading-title elementor-size-default\">Un mouvement europ\u00e9en<\/h2>\t\t\t\t<\/div>\n\t\t\t\t<\/div>\n\t\t\t\t<div class=\"elementor-element elementor-element-65c865a elementor-widget elementor-widget-text-editor\" data-id=\"65c865a\" data-element_type=\"widget\" data-e-type=\"widget\" data-widget_type=\"text-editor.default\">\n\t\t\t\t\t\t\t\t\t<p>L\u2019European Brass Band Association (EBBA), dont la CMF est membre, est l\u2019association qui anime le mouvement des Brass Bands en Europe, notamment \u00e0 travers le Championnat Europ\u00e9en de Brass Band (European Brass Band Contest \u2013 EBBC). Le laur\u00e9at de la division Honneur de cette \u00e9dition sera d\u00e9sign\u00e9 par la CMF pour repr\u00e9senter la France \u00e0 l\u2019EBBC 2027 (Montreux, Suisse, du 24 avril au 2 mai 2027).<\/p>\t\t\t\t\t\t\t\t<\/div>\n\t\t\t\t\t<\/div>\n\t\t\t\t<\/div>\n\t\t<div class=\"elementor-element elementor-element-7ed7cd2 e-flex e-con-boxed e-con e-parent\" data-id=\"7ed7cd2\" data-element_type=\"container\" data-e-type=\"container\">\n\t\t\t\t\t<div class=\"e-con-inner\">\n\t\t\t\t\t<\/div>\n\t\t\t\t<\/div>\n\t\t\t\t<\/div>\n\t\t","protected":false},"excerpt":{"rendered":"<p>\u00e9dito Avec cette 21\u1d49 \u00e9dition, le Championnat National de Brass Band s\u2019inscrit d\u00e9sormais comme un rendez-vous incontournable du paysage musical fran\u00e7ais. Ann\u00e9e apr\u00e8s ann\u00e9e, il s\u2019affirme comme un \u00e9v\u00e8nement majeur pour les ensembles, les musiciennes et musiciens, les professionnelles et professionnels de la fili\u00e8re, les partenaires, mais aussi pour le public toujours plus nombreux. Au-del\u00e0 [&hellip;]<\/p>\n","protected":false},"author":1,"featured_media":0,"parent":0,"menu_order":0,"comment_status":"closed","ping_status":"closed","template":"","meta":{"footnotes":""},"class_list":["post-2","page","type-page","status-publish","hentry"],"_links":{"self":[{"href":"http:\/\/www.brassband.fr\/index.php?rest_route=\/wp\/v2\/pages\/2","targetHints":{"allow":["GET"]}}],"collection":[{"href":"http:\/\/www.brassband.fr\/index.php?rest_route=\/wp\/v2\/pages"}],"about":[{"href":"http:\/\/www.brassband.fr\/index.php?rest_route=\/wp\/v2\/types\/page"}],"author":[{"embeddable":true,"href":"http:\/\/www.brassband.fr\/index.php?rest_route=\/wp\/v2\/users\/1"}],"replies":[{"embeddable":true,"href":"http:\/\/www.brassband.fr\/index.php?rest_route=%2Fwp%2Fv2%2Fcomments&post=2"}],"version-history":[{"count":46,"href":"http:\/\/www.brassband.fr\/index.php?rest_route=\/wp\/v2\/pages\/2\/revisions"}],"predecessor-version":[{"id":404,"href":"http:\/\/www.brassband.fr\/index.php?rest_route=\/wp\/v2\/pages\/2\/revisions\/404"}],"wp:attachment":[{"href":"http:\/\/www.brassband.fr\/index.php?rest_route=%2Fwp%2Fv2%2Fmedia&parent=2"}],"curies":[{"name":"wp","href":"https:\/\/api.w.org\/{rel}","templated":true}]}}