{"id":123,"date":"2026-02-26T21:54:49","date_gmt":"2026-02-26T21:54:49","guid":{"rendered":"http:\/\/www.brassband.fr\/?page_id=123"},"modified":"2026-03-01T17:02:39","modified_gmt":"2026-03-01T17:02:39","slug":"resultats","status":"publish","type":"page","link":"http:\/\/www.brassband.fr\/?page_id=123","title":{"rendered":"R\u00e9sultats"},"content":{"rendered":"\t\t<div data-elementor-type=\"wp-page\" data-elementor-id=\"123\" class=\"elementor elementor-123\" data-elementor-post-type=\"page\">\n\t\t\t\t<div class=\"elementor-element elementor-element-b052886 e-flex e-con-boxed e-con e-parent\" data-id=\"b052886\" data-element_type=\"container\" data-e-type=\"container\" data-settings=\"{&quot;background_background&quot;:&quot;classic&quot;}\">\n\t\t\t\t\t<div class=\"e-con-inner\">\n\t\t<div class=\"elementor-element elementor-element-2f58bed e-con-full e-flex e-con e-child\" data-id=\"2f58bed\" data-element_type=\"container\" data-e-type=\"container\" data-settings=\"{&quot;background_background&quot;:&quot;classic&quot;}\">\n\t\t\t\t<div class=\"elementor-element elementor-element-1989a23 elementor-widget elementor-widget-heading\" data-id=\"1989a23\" data-element_type=\"widget\" data-e-type=\"widget\" data-widget_type=\"heading.default\">\n\t\t\t\t\t<h2 class=\"elementor-heading-title elementor-size-default\">R\u00e9sutats<\/br><big><span style=\"color:#f9AF04\">2026<\/span><\/big><\/h2>\t\t\t\t<\/div>\n\t\t<div class=\"elementor-element elementor-element-6e54646 e-con-full e-flex e-con e-child\" data-id=\"6e54646\" data-element_type=\"container\" data-e-type=\"container\" data-settings=\"{&quot;background_background&quot;:&quot;classic&quot;}\">\n\t\t\t\t<div class=\"elementor-element elementor-element-f398a53 elementor-widget elementor-widget-heading\" data-id=\"f398a53\" data-element_type=\"widget\" data-e-type=\"widget\" data-widget_type=\"heading.default\">\n\t\t\t\t\t<h2 class=\"elementor-heading-title elementor-size-default\">Division Honneur<\/h2>\t\t\t\t<\/div>\n\t\t\t\t<div class=\"elementor-element elementor-element-5f848e6 elementor-widget elementor-widget-text-editor\" data-id=\"5f848e6\" data-element_type=\"widget\" data-e-type=\"widget\" data-widget_type=\"text-editor.default\">\n\t\t\t\t\t\t\t\t\t<p><strong>Meilleur soliste<\/strong> : Le cornet principal du Hauts de France Brass Band<br \/><strong>Meilleur pupitre<\/strong> : Les percussions du Paris Brass Band<\/p>\t\t\t\t\t\t\t\t<\/div>\n\t\t\t\t<div class=\"elementor-element elementor-element-ab16969 elementor-widget elementor-widget-text-editor\" data-id=\"ab16969\" data-element_type=\"widget\" data-e-type=\"widget\" data-widget_type=\"text-editor.default\">\n\t\t\t\t\t\t\t\t\t<table><thead><tr><th>N\u00b0<\/th><th>Brass Band<\/th><th>Pi\u00e8ce impos\u00e9e<\/th><th>Pi\u00e8ce au choix<\/th><th>Total<\/th><\/tr><\/thead><tbody><tr><td>1<\/td><td>Hauts-de-France Brass Band<\/td><td>94<\/td><td>97<\/td><td>95,5<\/td><\/tr><tr><td>2<\/td><td>Paris Brass Band<\/td><td>94<\/td><td>96<\/td><td>95<\/td><\/tr><tr><td>3<\/td><td><span style=\"font-size: 16.2px;\">\u00c6olus Brass Band<\/span><\/td><td>89<\/td><td>88<\/td><td>88,5<\/td><\/tr><tr><td>4<\/td><td><span style=\"font-size: 16.2px;\">Brass Band des Gones<\/span><\/td><td>88<\/td><td>89<\/td><td>88,5<\/td><\/tr><\/tbody><\/table>\t\t\t\t\t\t\t\t<\/div>\n\t\t\t\t<div class=\"elementor-element elementor-element-8e060a1 elementor-widget elementor-widget-heading\" data-id=\"8e060a1\" data-element_type=\"widget\" data-e-type=\"widget\" data-widget_type=\"heading.default\">\n\t\t\t\t\t<h2 class=\"elementor-heading-title elementor-size-default\">Division 1<\/h2>\t\t\t\t<\/div>\n\t\t\t\t<div class=\"elementor-element elementor-element-84a6cbe elementor-widget elementor-widget-text-editor\" data-id=\"84a6cbe\" data-element_type=\"widget\" data-e-type=\"widget\" data-widget_type=\"text-editor.default\">\n\t\t\t\t\t\t\t\t\t<p>Pas de candidat cette ann\u00e9e<\/p>\t\t\t\t\t\t\t\t<\/div>\n\t\t\t\t<div class=\"elementor-element elementor-element-fe78828 elementor-widget elementor-widget-heading\" data-id=\"fe78828\" data-element_type=\"widget\" data-e-type=\"widget\" data-widget_type=\"heading.default\">\n\t\t\t\t\t<h2 class=\"elementor-heading-title elementor-size-default\">Division 2<\/h2>\t\t\t\t<\/div>\n\t\t\t\t<div class=\"elementor-element elementor-element-508a2dc elementor-widget elementor-widget-text-editor\" data-id=\"508a2dc\" data-element_type=\"widget\" data-e-type=\"widget\" data-widget_type=\"text-editor.default\">\n\t\t\t\t\t\t\t\t\t<p><strong>Meilleur soliste<\/strong> : Le cornet principal du Brass Band Les Coniques<br \/><strong>Meilleur pupitre<\/strong> : Les percussions du Brass Band Musicalis Algrange\u00a0<\/p>\t\t\t\t\t\t\t\t<\/div>\n\t\t\t\t<div class=\"elementor-element elementor-element-ff1f935 elementor-widget elementor-widget-text-editor\" data-id=\"ff1f935\" data-element_type=\"widget\" data-e-type=\"widget\" data-widget_type=\"text-editor.default\">\n\t\t\t\t\t\t\t\t\t<table><thead><tr><th><span style=\"font-size: 10.8px;\">N\u00b0<\/span><\/th><th>Brass Band<\/th><th>Pi\u00e8ce impos\u00e9e<\/th><th>Pi\u00e8ce au choix<\/th><th><span style=\"font-size: 10.8px;\">Total<\/span><\/th><\/tr><\/thead><tbody><tr><td>1<\/td><td>Les Coniques Brass Band<\/td><td>89<\/td><td>89<\/td><td>89<\/td><\/tr><tr><td>2<\/td><td>Brass Band de<br \/>la C\u00f4te Picarde<\/td><td>89<\/td><td>88<\/td><td>88,5<\/td><\/tr><tr><td>3<\/td><td>Brass Band<br \/>Musicalis Algrange<\/td><td>85<\/td><td>84<\/td><td>84,5<\/td><\/tr><tr><td>4<\/td><td>Brass Band<br \/>de la Somme<\/td><td>83<\/td><td>83<\/td><td>83<\/td><\/tr><\/tbody><\/table>\t\t\t\t\t\t\t\t<\/div>\n\t\t\t\t<div class=\"elementor-element elementor-element-295bc5f elementor-widget elementor-widget-heading\" data-id=\"295bc5f\" data-element_type=\"widget\" data-e-type=\"widget\" data-widget_type=\"heading.default\">\n\t\t\t\t\t<h2 class=\"elementor-heading-title elementor-size-default\">Division 3<\/h2>\t\t\t\t<\/div>\n\t\t\t\t<div class=\"elementor-element elementor-element-4505e62 elementor-widget elementor-widget-text-editor\" data-id=\"4505e62\" data-element_type=\"widget\" data-e-type=\"widget\" data-widget_type=\"text-editor.default\">\n\t\t\t\t\t\t\t\t\t<p><strong>Meilleur soliste<\/strong> : Le cornet principal du Brassberry<br \/><strong>Meilleur pupitre<\/strong> : Les trombones du Brass Band de La Gorgue<\/p>\t\t\t\t\t\t\t\t<\/div>\n\t\t\t\t<div class=\"elementor-element elementor-element-f700595 elementor-widget elementor-widget-text-editor\" data-id=\"f700595\" data-element_type=\"widget\" data-e-type=\"widget\" data-widget_type=\"text-editor.default\">\n\t\t\t\t\t\t\t\t\t<table><thead><tr><th><span style=\"font-size: 10.8px;\">N\u00b0<\/span><\/th><th>Brass Band<\/th><th>Pi\u00e8ce impos\u00e9e<\/th><th>Pi\u00e8ce au choix<\/th><th><span style=\"font-size: 10.8px;\">Total<\/span><\/th><\/tr><\/thead><tbody><tr><td>1<\/td><td>Brass Band<br \/>de La Gorgue<\/td><td>91<\/td><td>90<\/td><td>90,5<\/td><\/tr><tr><td>2<\/td><td>BrassBerry<\/td><td>88<\/td><td>89<\/td><td>88,5<\/td><\/tr><tr><td>3<\/td><td>Brass Band de Haute Bretagne<\/td><td>87<\/td><td>88<\/td><td>87,5<\/td><\/tr><tr><td>4<\/td><td>Brass Band de l\u2019Oise<\/td><td>89<\/td><td>85<\/td><td>87<\/td><\/tr><\/tbody><\/table>\t\t\t\t\t\t\t\t<\/div>\n\t\t\t\t<div class=\"elementor-element elementor-element-4839e30 elementor-widget elementor-widget-heading\" data-id=\"4839e30\" data-element_type=\"widget\" data-e-type=\"widget\" data-widget_type=\"heading.default\">\n\t\t\t\t\t<h2 class=\"elementor-heading-title elementor-size-default\">Division 4<\/h2>\t\t\t\t<\/div>\n\t\t\t\t<div class=\"elementor-element elementor-element-70e3c30 elementor-widget elementor-widget-text-editor\" data-id=\"70e3c30\" data-element_type=\"widget\" data-e-type=\"widget\" data-widget_type=\"text-editor.default\">\n\t\t\t\t\t\t\t\t\t<p><strong>Meilleur soliste<\/strong> : Le bugle du Ch&rsquo;ti Brass<br \/><strong>Meilleur pupitre<\/strong> : Les cornets du Ch&rsquo;ti Brass<\/p>\t\t\t\t\t\t\t\t<\/div>\n\t\t\t\t<div class=\"elementor-element elementor-element-11ffa0e elementor-widget elementor-widget-text-editor\" data-id=\"11ffa0e\" data-element_type=\"widget\" data-e-type=\"widget\" data-widget_type=\"text-editor.default\">\n\t\t\t\t\t\t\t\t\t<table><thead><tr><th><span style=\"font-size: 10.8px;\">N\u00b0<\/span><\/th><th>Brass Band<\/th><th>Pi\u00e8ce impos\u00e9e<\/th><th>Pi\u00e8ce au choix<\/th><th><span style=\"font-size: 10.8px;\">Total<\/span><\/th><\/tr><\/thead><tbody><tr><td>1<\/td><td>Le Ch&rsquo;ti Brass<\/td><td>86<\/td><td>85<\/td><td>85,5<\/td><\/tr><\/tbody><\/table>\t\t\t\t\t\t\t\t<\/div>\n\t\t\t\t<\/div>\n\t\t\t\t<\/div>\n\t\t<div class=\"elementor-element elementor-element-921b63d e-con-full e-flex e-con e-child\" data-id=\"921b63d\" data-element_type=\"container\" data-e-type=\"container\" data-settings=\"{&quot;background_background&quot;:&quot;classic&quot;}\">\n\t\t\t\t<div class=\"elementor-element elementor-element-a2d3cf7 elementor-widget elementor-widget-heading\" data-id=\"a2d3cf7\" data-element_type=\"widget\" data-e-type=\"widget\" data-widget_type=\"heading.default\">\n\t\t\t\t\t<h2 class=\"elementor-heading-title elementor-size-default\">Le palmar\u00e8s<\/br>des Champions<\/h2>\t\t\t\t<\/div>\n\t\t\t\t<div class=\"elementor-element elementor-element-3cbf257 elementor-widget elementor-widget-text-editor\" data-id=\"3cbf257\" data-element_type=\"widget\" data-e-type=\"widget\" data-widget_type=\"text-editor.default\">\n\t\t\t\t\t\t\t\t\t<p><strong>2004<\/strong><br \/>\u00c6olus Brass Band<br \/><strong>2005<\/strong><br \/>\u00c6olus Brass Band<br \/><strong>2006<\/strong><br \/>\u00c6olus Brass Band<br \/><strong>2007<\/strong><br \/>\u00c6olus Brass Band<br \/><strong>2009<\/strong><br \/>Brass Band Nord-Pas-de-Calais*<br \/><strong>2010<\/strong><br \/>Brass Band Nord-Pas-de-Calais*<br \/><strong>2011<\/strong><br \/>Brass Band Nord-Pas-de-Calais*<br \/><strong>2012<\/strong><br \/>Paris Brass Band<br \/><strong>2013<\/strong><br \/>Paris Brass Band<br \/><strong>2014<\/strong><br \/>Paris Brass Band<br \/><strong>2015<\/strong><br \/>Paris Brass Band<br \/><strong>2016<\/strong><br \/>Paris Brass Band<br \/><strong>2017<\/strong><br \/>Hauts-de-France Brass Band*<br \/><strong>2018<\/strong><br \/>Paris Brass Band<br \/><strong>2019<\/strong><br \/>Hauts-de-France Brass Band*<br \/><strong>2020<\/strong><br \/>Hauts-de-France Brass Band*<br \/><strong>2022<\/strong><br \/>Hauts-de-France Brass Band*<br \/><strong>2023<\/strong><br \/>Hauts-de-France Brass Band*<br \/><strong>2024<\/strong><br \/>Hauts-de-France Brass Band*<br \/><strong>2025<\/strong><br \/>Hauts-de-France Brass Band*<\/p>\t\t\t\t\t\t\t\t<\/div>\n\t\t\t\t<div class=\"elementor-element elementor-element-577c85f elementor-widget elementor-widget-text-editor\" data-id=\"577c85f\" data-element_type=\"widget\" data-e-type=\"widget\" data-widget_type=\"text-editor.default\">\n\t\t\t\t\t\t\t\t\t<p><em>* Le Brass Band Nord-Pas-de-Calais se nomme d\u00e9sormais Hauts-de-France Brass Band<\/em><\/p>\t\t\t\t\t\t\t\t<\/div>\n\t\t\t\t<\/div>\n\t\t\t\t\t<\/div>\n\t\t\t\t<\/div>\n\t\t<div class=\"elementor-element elementor-element-8e72adf e-flex e-con-boxed e-con e-parent\" data-id=\"8e72adf\" data-element_type=\"container\" data-e-type=\"container\" data-settings=\"{&quot;background_background&quot;:&quot;classic&quot;}\">\n\t\t\t\t\t<div class=\"e-con-inner\">\n\t\t<div class=\"elementor-element elementor-element-9786185 e-con-full e-flex e-con e-child\" data-id=\"9786185\" data-element_type=\"container\" data-e-type=\"container\">\n\t\t\t\t<div class=\"elementor-element elementor-element-5f298ce elementor-widget elementor-widget-heading\" data-id=\"5f298ce\" data-element_type=\"widget\" data-e-type=\"widget\" data-widget_type=\"heading.default\">\n\t\t\t\t\t<h2 class=\"elementor-heading-title elementor-size-default\">Les r\u00e9compenses<\/h2>\t\t\t\t<\/div>\n\t\t\t\t<\/div>\n\t\t<div class=\"elementor-element elementor-element-b8b0ac6 e-con-full e-flex e-con e-child\" data-id=\"b8b0ac6\" data-element_type=\"container\" data-e-type=\"container\">\n\t\t\t\t<div class=\"elementor-element elementor-element-9347f20 elementor-widget elementor-widget-image\" data-id=\"9347f20\" data-element_type=\"widget\" data-e-type=\"widget\" data-widget_type=\"image.default\">\n\t\t\t\t\t\t\t\t\t\t\t\t\t\t\t<img decoding=\"async\" src=\"http:\/\/www.brassband.fr\/wp-content\/uploads\/elementor\/thumbs\/Trophee-rjr6txmktpt7hp3zcavmicsh5zi8aaq326jdjqbs08.jpg\" title=\"Trophee\" alt=\"Trophee\" loading=\"lazy\" \/>\t\t\t\t\t\t\t\t\t\t\t\t\t\t\t<\/div>\n\t\t\t\t<\/div>\n\t\t\t\t\t<\/div>\n\t\t\t\t<\/div>\n\t\t<div class=\"elementor-element elementor-element-94cbb68 e-flex e-con-boxed e-con e-parent\" data-id=\"94cbb68\" data-element_type=\"container\" data-e-type=\"container\" data-settings=\"{&quot;background_background&quot;:&quot;classic&quot;}\">\n\t\t\t\t\t<div class=\"e-con-inner\">\n\t\t<div class=\"elementor-element elementor-element-ff454c7 e-con-full e-flex e-con e-child\" data-id=\"ff454c7\" data-element_type=\"container\" data-e-type=\"container\">\n\t\t\t\t<div class=\"elementor-element elementor-element-fd02232 elementor-view-default elementor-widget elementor-widget-icon\" data-id=\"fd02232\" data-element_type=\"widget\" data-e-type=\"widget\" data-widget_type=\"icon.default\">\n\t\t\t\t\t\t\t<div class=\"elementor-icon-wrapper\">\n\t\t\t<div class=\"elementor-icon\">\n\t\t\t<svg aria-hidden=\"true\" class=\"e-font-icon-svg e-fas-music\" viewBox=\"0 0 512 512\" xmlns=\"http:\/\/www.w3.org\/2000\/svg\"><path d=\"M470.38 1.51L150.41 96A32 32 0 0 0 128 126.51v261.41A139 139 0 0 0 96 384c-53 0-96 28.66-96 64s43 64 96 64 96-28.66 96-64V214.32l256-75v184.61a138.4 138.4 0 0 0-32-3.93c-53 0-96 28.66-96 64s43 64 96 64 96-28.65 96-64V32a32 32 0 0 0-41.62-30.49z\"><\/path><\/svg>\t\t\t<\/div>\n\t\t<\/div>\n\t\t\t\t\t\t<\/div>\n\t\t\t\t<\/div>\n\t\t<div class=\"elementor-element elementor-element-87b6d5c e-con-full e-flex e-con e-child\" data-id=\"87b6d5c\" data-element_type=\"container\" data-e-type=\"container\">\n\t\t\t\t<div class=\"elementor-element elementor-element-179d832 elementor-widget elementor-widget-heading\" data-id=\"179d832\" data-element_type=\"widget\" data-e-type=\"widget\" data-widget_type=\"heading.default\">\n\t\t\t\t\t<h2 class=\"elementor-heading-title elementor-size-default\">Prix par cat\u00e9gorie<\/h2>\t\t\t\t<\/div>\n\t\t\t\t<div class=\"elementor-element elementor-element-2c54ca2 elementor-widget elementor-widget-text-editor\" data-id=\"2c54ca2\" data-element_type=\"widget\" data-e-type=\"widget\" data-widget_type=\"text-editor.default\">\n\t\t\t\t\t\t\t\t\t<p><strong>Chaque Brass Band vainqueur dans sa cat\u00e9gorie recevra :<\/strong> <br \/>&gt; Un bon d\u2019achat de 100 \u20ac pour une partition Brass Band de leur choix, offert par les \u00e9ditions <strong>Hal Leonard.<\/strong><br \/>&gt; Un <strong>troph\u00e9e CMF.<\/strong><\/p>\t\t\t\t\t\t\t\t<\/div>\n\t\t\t\t<\/div>\n\t\t\t\t\t<\/div>\n\t\t\t\t<\/div>\n\t\t<div class=\"elementor-element elementor-element-9e5ac9a e-flex e-con-boxed e-con e-parent\" data-id=\"9e5ac9a\" data-element_type=\"container\" data-e-type=\"container\" data-settings=\"{&quot;background_background&quot;:&quot;classic&quot;}\">\n\t\t\t\t\t<div class=\"e-con-inner\">\n\t\t<div class=\"elementor-element elementor-element-89250fc e-con-full e-flex e-con e-child\" data-id=\"89250fc\" data-element_type=\"container\" data-e-type=\"container\">\n\t\t\t\t<div class=\"elementor-element elementor-element-618bb8f elementor-view-default elementor-widget elementor-widget-icon\" data-id=\"618bb8f\" data-element_type=\"widget\" data-e-type=\"widget\" data-widget_type=\"icon.default\">\n\t\t\t\t\t\t\t<div class=\"elementor-icon-wrapper\">\n\t\t\t<div class=\"elementor-icon\">\n\t\t\t<svg aria-hidden=\"true\" class=\"e-font-icon-svg e-fas-music\" viewBox=\"0 0 512 512\" xmlns=\"http:\/\/www.w3.org\/2000\/svg\"><path d=\"M470.38 1.51L150.41 96A32 32 0 0 0 128 126.51v261.41A139 139 0 0 0 96 384c-53 0-96 28.66-96 64s43 64 96 64 96-28.66 96-64V214.32l256-75v184.61a138.4 138.4 0 0 0-32-3.93c-53 0-96 28.66-96 64s43 64 96 64 96-28.65 96-64V32a32 32 0 0 0-41.62-30.49z\"><\/path><\/svg>\t\t\t<\/div>\n\t\t<\/div>\n\t\t\t\t\t\t<\/div>\n\t\t\t\t<\/div>\n\t\t<div class=\"elementor-element elementor-element-539c7d0 e-con-full e-flex e-con e-child\" data-id=\"539c7d0\" data-element_type=\"container\" data-e-type=\"container\">\n\t\t\t\t<div class=\"elementor-element elementor-element-0932e72 elementor-widget elementor-widget-heading\" data-id=\"0932e72\" data-element_type=\"widget\" data-e-type=\"widget\" data-widget_type=\"heading.default\">\n\t\t\t\t\t<h2 class=\"elementor-heading-title elementor-size-default\">Prix pour le vainqueur de la division Honneur<\/h2>\t\t\t\t<\/div>\n\t\t\t\t<div class=\"elementor-element elementor-element-d1c86c3 elementor-widget elementor-widget-text-editor\" data-id=\"d1c86c3\" data-element_type=\"widget\" data-e-type=\"widget\" data-widget_type=\"text-editor.default\">\n\t\t\t\t\t\t\t\t\t<p>&gt; <strong>Repr\u00e9sentera la France au Championnat Europ\u00e9en de Brass Band 2027 (EBBC)<\/strong> <br \/>(Montreux, Suisse, du 24 avril au 2 mai 2027) <br \/>&gt; Un <strong>soutien financier de 1000 \u20ac<\/strong> pour l\u2019accompagner dans sa pr\u00e9paration \u00e0 l\u2019EBBC, attribu\u00e9 par la <strong>Conf\u00e9d\u00e9ration Musicale de France.<\/strong><br \/>&gt; Le <strong><em>Challenge<\/em> du Champion National<\/strong> <br \/>Ce troph\u00e9e, r\u00e9alis\u00e9 pour le Championnat 2010, \u00e0 partir d\u2019un pavillon de tuba basse, par les \u00e9l\u00e8ves de l\u2019ITEMM (Institut Technologique Europ\u00e9en des M\u00e9tiers de la Musique) est remis en jeu \u00e0 chaque \u00e9dition.<\/p>\t\t\t\t\t\t\t\t<\/div>\n\t\t\t\t<\/div>\n\t\t\t\t\t<\/div>\n\t\t\t\t<\/div>\n\t\t<div class=\"elementor-element elementor-element-edc460e e-flex e-con-boxed e-con e-parent\" data-id=\"edc460e\" data-element_type=\"container\" data-e-type=\"container\" data-settings=\"{&quot;background_background&quot;:&quot;classic&quot;}\">\n\t\t\t\t\t<div class=\"e-con-inner\">\n\t\t<div class=\"elementor-element elementor-element-57bbfad e-con-full e-flex e-con e-child\" data-id=\"57bbfad\" data-element_type=\"container\" data-e-type=\"container\">\n\t\t\t\t<div class=\"elementor-element elementor-element-163f89c elementor-view-default elementor-widget elementor-widget-icon\" data-id=\"163f89c\" data-element_type=\"widget\" data-e-type=\"widget\" data-widget_type=\"icon.default\">\n\t\t\t\t\t\t\t<div class=\"elementor-icon-wrapper\">\n\t\t\t<div class=\"elementor-icon\">\n\t\t\t<svg aria-hidden=\"true\" class=\"e-font-icon-svg e-fas-music\" viewBox=\"0 0 512 512\" xmlns=\"http:\/\/www.w3.org\/2000\/svg\"><path d=\"M470.38 1.51L150.41 96A32 32 0 0 0 128 126.51v261.41A139 139 0 0 0 96 384c-53 0-96 28.66-96 64s43 64 96 64 96-28.66 96-64V214.32l256-75v184.61a138.4 138.4 0 0 0-32-3.93c-53 0-96 28.66-96 64s43 64 96 64 96-28.65 96-64V32a32 32 0 0 0-41.62-30.49z\"><\/path><\/svg>\t\t\t<\/div>\n\t\t<\/div>\n\t\t\t\t\t\t<\/div>\n\t\t\t\t<\/div>\n\t\t<div class=\"elementor-element elementor-element-b03b964 e-con-full e-flex e-con e-child\" data-id=\"b03b964\" data-element_type=\"container\" data-e-type=\"container\">\n\t\t\t\t<div class=\"elementor-element elementor-element-e811086 elementor-widget elementor-widget-heading\" data-id=\"e811086\" data-element_type=\"widget\" data-e-type=\"widget\" data-widget_type=\"heading.default\">\n\t\t\t\t\t<h2 class=\"elementor-heading-title elementor-size-default\">R\u00e9compenses individuelles et par section<\/h2>\t\t\t\t<\/div>\n\t\t\t\t<div class=\"elementor-element elementor-element-3135d7e elementor-widget elementor-widget-text-editor\" data-id=\"3135d7e\" data-element_type=\"widget\" data-e-type=\"widget\" data-widget_type=\"text-editor.default\">\n\t\t\t\t\t\t\t\t\t<p>Le <strong>meilleur soliste<\/strong> et la <strong>meilleure section<\/strong> de chaque division recevront <strong>un troph\u00e9e CMF<\/strong>.<\/p>\t\t\t\t\t\t\t\t<\/div>\n\t\t\t\t<\/div>\n\t\t\t\t\t<\/div>\n\t\t\t\t<\/div>\n\t\t\t\t<\/div>\n\t\t","protected":false},"excerpt":{"rendered":"<p>R\u00e9sutats2026 Division Honneur Meilleur soliste : Le cornet principal du Hauts de France Brass BandMeilleur pupitre : Les percussions du Paris Brass Band N\u00b0 Brass Band Pi\u00e8ce impos\u00e9e Pi\u00e8ce au choix Total 1 Hauts-de-France Brass Band 94 97 95,5 2 Paris Brass Band 94 96 95 3 \u00c6olus Brass Band 89 88 88,5 4 Brass [&hellip;]<\/p>\n","protected":false},"author":1,"featured_media":0,"parent":0,"menu_order":0,"comment_status":"closed","ping_status":"closed","template":"","meta":{"footnotes":""},"class_list":["post-123","page","type-page","status-publish","hentry"],"_links":{"self":[{"href":"http:\/\/www.brassband.fr\/index.php?rest_route=\/wp\/v2\/pages\/123","targetHints":{"allow":["GET"]}}],"collection":[{"href":"http:\/\/www.brassband.fr\/index.php?rest_route=\/wp\/v2\/pages"}],"about":[{"href":"http:\/\/www.brassband.fr\/index.php?rest_route=\/wp\/v2\/types\/page"}],"author":[{"embeddable":true,"href":"http:\/\/www.brassband.fr\/index.php?rest_route=\/wp\/v2\/users\/1"}],"replies":[{"embeddable":true,"href":"http:\/\/www.brassband.fr\/index.php?rest_route=%2Fwp%2Fv2%2Fcomments&post=123"}],"version-history":[{"count":55,"href":"http:\/\/www.brassband.fr\/index.php?rest_route=\/wp\/v2\/pages\/123\/revisions"}],"predecessor-version":[{"id":530,"href":"http:\/\/www.brassband.fr\/index.php?rest_route=\/wp\/v2\/pages\/123\/revisions\/530"}],"wp:attachment":[{"href":"http:\/\/www.brassband.fr\/index.php?rest_route=%2Fwp%2Fv2%2Fmedia&parent=123"}],"curies":[{"name":"wp","href":"https:\/\/api.w.org\/{rel}","templated":true}]}}